{"id":602,"date":"2021-01-28T13:37:00","date_gmt":"2021-01-28T13:37:00","guid":{"rendered":"https:\/\/domfleury.ch\/?page_id=602"},"modified":"2023-09-14T13:34:08","modified_gmt":"2023-09-14T13:34:08","slug":"avani-modern-slave","status":"publish","type":"page","link":"https:\/\/domfleury.ch\/?page_id=602","title":{"rendered":"Avani, modern slave"},"content":{"rendered":"<p>[et_pb_section fb_built=&#8221;1&#8243; _builder_version=&#8221;4.7.7&#8243; _module_preset=&#8221;default&#8221;][et_pb_row _builder_version=&#8221;4.7.7&#8243; _module_preset=&#8221;default&#8221;][et_pb_column type=&#8221;4_4&#8243; _builder_version=&#8221;4.7.7&#8243; _module_preset=&#8221;default&#8221;][et_pb_gallery gallery_ids=&#8221;610,609,611,612,613,614&#8243; fullwidth=&#8221;on&#8221; _builder_version=&#8221;4.7.7&#8243; _module_preset=&#8221;default&#8221;][\/et_pb_gallery][\/et_pb_column][\/et_pb_row][\/et_pb_section][et_pb_section fb_built=&#8221;1&#8243; _builder_version=&#8221;4.7.7&#8243; _module_preset=&#8221;default&#8221;][et_pb_row _builder_version=&#8221;4.7.7&#8243; _module_preset=&#8221;default&#8221;][et_pb_column type=&#8221;4_4&#8243; _builder_version=&#8221;4.7.7&#8243; _module_preset=&#8221;default&#8221;][et_pb_text _builder_version=&#8221;4.7.7&#8243; _module_preset=&#8221;default&#8221; text_font=&#8221;Baskervville||||||||&#8221; text_font_size=&#8221;19px&#8221; custom_margin=&#8221;-67px|||||&#8221;]<\/p>\n<p style=\"text-align: justify;\"><strong>Avani\u00a0<\/strong><\/p>\n<p>Au 7 \u00e8me \u00e9tage, je sonne \u00e0 la porte de ce luxueux appartement. C\u2019est un visage presque familier qui ouvre la porte \u00e0 mes souvenirs indiens. Il vient du Sri Lanka. Avani sera mon premier visage \u00e0 Beyrouth. Il me manque quelque chose pour me replonger dans son pays : l\u2019odeur de noix coco dans les cheveux . Madame ne supporte pas ce parfum, me dira t\u2019elle plus tard.<\/p>\n<p>Avani me montre ma chambre, <em>Welcome to Lebanon, Achrafieh<\/em>.\u00a0Je suis seule avec elle dans cet immense appartement recouvert de tapis, d&#8217;objets d\u2019arts orientaux, de livres et de tableaux contemporains. Une baie vitr\u00e9e donne sur les maisons voisines. A travers les vitres, dans chaque cuisine, une femme en bleu, en rose ou blanc, s\u2019y active.<\/p>\n<p>Avani propose de m\u2019accompagner acheter une carte SIM. Un malaise\u00a0certain me prend, celui d\u2019\u00eatre prise pour la ma\u00eetresse de maison. Elle m\u2019emm\u00e8ne dans un Mall o\u00f9 des jeunes couverts de <em>Nikeadidaschanelluisvuiitonpradagucci<\/em> se d\u00e9lectent sur le fond sonore de <em>Happy.<\/em>\u00a0On tente de me vendre une carte SIM \u00e0 80 dollars. Nous repartons bredouilles. Le regard insistant d\u2019une femme\u00a0passe de mon visage \u00e0 celui d\u2019Avani, et inversement. Devrait-elle marcher derri\u00e8re ou devant moi\u00a0? Certainement pas \u00e0 mes c\u00f4t\u00e9s en tout cas. La honte me vient, je suis heureuse de rentrer la cacher \u00e0 la maison.<\/p>\n<p>Madame est sortie. Nous passons la soir\u00e9e dans la cuisine, berc\u00e9es par le son de la TV sri lankaise. Avani bo\u00eete un peu, elle a mal. A l\u2019articulation de la hanche. Elle doit perdre du poids, dit Madame. Les voix en tamoul viennent d\u2019une petite pi\u00e8ce derri\u00e8re la cuisine, dans laquelle dispara\u00eet Avani. J\u2019ose m\u2019approcher et apercevoir ce qui est un cagibi assez long pour y mettre un lit. Et assez large qu\u2019elle puisse juste en descendre. Je lui montre des exercices de yoga pour sa hanche. Elle se tient assise sur une jambe crois\u00e9e, toujours la m\u00eame, sur le seul si\u00e8ge possible dans cette pi\u00e8ce\u00a0: son lit. Je lui propose de changer de jambe et s\u2019assoir de l\u2019autre cot\u00e9.\u00a0Mais la TV ne peut \u00eatre que de ce cot\u00e9, me r\u00e9pond Avani. Sa vie, son Sri Lanka, ne peut se voir que de ce cot\u00e9. Avani vit toujours dans ce Sri Lanka devenu une immense s\u00e9rie t\u00e9l\u00e9vis\u00e9e. Son pays aseptis\u00e9, sans odeur de coco. Bienvenue \u00e0 Beyrouth, femmes du Sri Lanka, d\u2019Ethiopie, du Bangladesh, d\u2019\u00c9rythr\u00e9e, des Philippines\u2026<\/p>\n<p>Au petit matin, dans les rues d\u2019Achrafieh, les seules pi\u00e9tonnes, ce sont elles. Les autres roulent en 4 x 4 ou attendent dans leur lit que le petit d\u00e9jeuner soit servi. Bient\u00f4t, Madame sera partie en weekend. Est-ce qu\u2019Avani ira se reposer dans les lits o\u00f9 l\u2019ont peut descendre des deux cot\u00e9s? Ou restera t\u2019elle sagement dans son espace attribu\u00e9\u00a0? Avani est \u00e0 la maison, c\u2019est elle qui m\u2019a ouvert la porte. La ma\u00eetresse de maison.<\/p>\n<p style=\"text-align: justify;\">\n<p style=\"text-align: justify;\">\n<p style=\"text-align: justify;\"><span style=\"font-size: 19px;\">\u00a0<\/span><\/p>\n<p style=\"text-align: justify;\">\n<p>[\/et_pb_text][\/et_pb_column][\/et_pb_row][\/et_pb_section][et_pb_section fb_built=&#8221;1&#8243; _builder_version=&#8221;4.7.7&#8243; _module_preset=&#8221;default&#8221;][\/et_pb_section]<\/p>\n","protected":false},"excerpt":{"rendered":"<p>[et_pb_section fb_built=&#8221;1&#8243; _builder_version=&#8221;4.7.7&#8243; _module_preset=&#8221;default&#8221;][et_pb_row _builder_version=&#8221;4.7.7&#8243; _module_preset=&#8221;default&#8221;][et_pb_column type=&#8221;4_4&#8243; _builder_version=&#8221;4.7.7&#8243; _module_preset=&#8221;default&#8221;][et_pb_gallery gallery_ids=&#8221;610,609,611,612,613,614&#8243; fullwidth=&#8221;on&#8221; _builder_version=&#8221;4.7.7&#8243; _module_preset=&#8221;default&#8221;][\/et_pb_gallery][\/et_pb_column][\/et_pb_row][\/et_pb_section][et_pb_section fb_built=&#8221;1&#8243; _builder_version=&#8221;4.7.7&#8243; _module_preset=&#8221;default&#8221;][et_pb_row _builder_version=&#8221;4.7.7&#8243; _module_preset=&#8221;default&#8221;][et_pb_column type=&#8221;4_4&#8243; _builder_version=&#8221;4.7.7&#8243; _module_preset=&#8221;default&#8221;][et_pb_text _builder_version=&#8221;4.7.7&#8243; _module_preset=&#8221;default&#8221; text_font=&#8221;Baskervville||||||||&#8221; text_font_size=&#8221;19px&#8221; custom_margin=&#8221;-67px|||||&#8221;] Avani\u00a0 Au 7 \u00e8me \u00e9tage, je sonne \u00e0 la porte de ce luxueux appartement. C\u2019est un visage presque familier qui ouvre la porte \u00e0 mes souvenirs indiens. Il vient [&hellip;]<\/p>\n","protected":false},"author":1,"featured_media":0,"parent":0,"menu_order":0,"comment_status":"closed","ping_status":"closed","template":"","meta":{"_et_pb_use_builder":"on","_et_pb_old_content":"","_et_gb_content_width":"","footnotes":""},"class_list":["post-602","page","type-page","status-publish","hentry"],"_links":{"self":[{"href":"https:\/\/domfleury.ch\/index.php?rest_route=\/wp\/v2\/pages\/602","targetHints":{"allow":["GET"]}}],"collection":[{"href":"https:\/\/domfleury.ch\/index.php?rest_route=\/wp\/v2\/pages"}],"about":[{"href":"https:\/\/domfleury.ch\/index.php?rest_route=\/wp\/v2\/types\/page"}],"author":[{"embeddable":true,"href":"https:\/\/domfleury.ch\/index.php?rest_route=\/wp\/v2\/users\/1"}],"replies":[{"embeddable":true,"href":"https:\/\/domfleury.ch\/index.php?rest_route=%2Fwp%2Fv2%2Fcomments&post=602"}],"version-history":[{"count":23,"href":"https:\/\/domfleury.ch\/index.php?rest_route=\/wp\/v2\/pages\/602\/revisions"}],"predecessor-version":[{"id":867,"href":"https:\/\/domfleury.ch\/index.php?rest_route=\/wp\/v2\/pages\/602\/revisions\/867"}],"wp:attachment":[{"href":"https:\/\/domfleury.ch\/index.php?rest_route=%2Fwp%2Fv2%2Fmedia&parent=602"}],"curies":[{"name":"wp","href":"https:\/\/api.w.org\/{rel}","templated":true}]}}