{"id":155,"date":"2021-01-09T08:32:29","date_gmt":"2021-01-09T08:32:29","guid":{"rendered":"https:\/\/domfleury.ch\/?page_id=155"},"modified":"2021-02-04T13:46:35","modified_gmt":"2021-02-04T13:46:35","slug":"in-dreamland","status":"publish","type":"page","link":"https:\/\/domfleury.ch\/?page_id=155","title":{"rendered":"In Dreamland"},"content":{"rendered":"<p>[et_pb_section fb_built=&#8221;1&#8243; _builder_version=&#8221;4.7.7&#8243; _module_preset=&#8221;default&#8221;][et_pb_row _builder_version=&#8221;4.7.7&#8243; _module_preset=&#8221;default&#8221;][et_pb_column type=&#8221;4_4&#8243; _builder_version=&#8221;4.7.7&#8243; _module_preset=&#8221;default&#8221;][et_pb_video src=&#8221;https:\/\/domfleury.ch\/wp-content\/uploads\/2021\/02\/IN_DREAMALND.mp4&#8243; _builder_version=&#8221;4.7.7&#8243; _module_preset=&#8221;default&#8221; hover_enabled=&#8221;0&#8243; sticky_enabled=&#8221;0&#8243;][\/et_pb_video][\/et_pb_column][\/et_pb_row][et_pb_row _builder_version=&#8221;4.7.7&#8243; _module_preset=&#8221;default&#8221;][et_pb_column type=&#8221;4_4&#8243; _builder_version=&#8221;4.7.7&#8243; _module_preset=&#8221;default&#8221;][et_pb_text _builder_version=&#8221;4.7.7&#8243; _module_preset=&#8221;default&#8221; text_font=&#8221;Baskervville||||||||&#8221; text_font_size=&#8221;19px&#8221; hover_enabled=&#8221;0&#8243; sticky_enabled=&#8221;0&#8243;]<\/p>\n<p style=\"text-align: justify;\"><strong>In Dreamland<\/strong><\/p>\n<p style=\"text-align: justify;\">(Cair0, 16 min, 2007)<\/p>\n<p style=\"text-align: justify;\"><span>ln Dreamland est le nom donn\u00e9 \u00e0 une ville priv\u00e9e de la banlieue riche du Caire, imagin\u00e9e par l&#8217;architecte de <em>Celebration<\/em> de Disney. Le film t\u00e9moigne d&#8217;une vision de la modernit\u00e9 qui est propos\u00e9e et questionne les liens entre architecture, imaginaire et identit\u00e9.<\/span><\/p>\n<p style=\"text-align: justify;\"><em>&#8220;Regard tendrement incisif port\u00e9 sur l\u2019imaginaire d\u2019une famille \u00e9gyptienne venue s\u2019installer dans un ghetto pour riches de la banlieue cairote.&#8221; \u00a0<\/em><\/p>\n<p style=\"text-align: justify;\"><em>Festival Visions du r\u00e9el, 2008<\/em><\/p>\n<p>[\/et_pb_text][\/et_pb_column][\/et_pb_row][\/et_pb_section][et_pb_section fb_built=&#8221;1&#8243; _builder_version=&#8221;4.7.7&#8243; _module_preset=&#8221;default&#8221;][et_pb_row _builder_version=&#8221;4.7.7&#8243; _module_preset=&#8221;default&#8221;][et_pb_column _builder_version=&#8221;4.7.7&#8243; _module_preset=&#8221;default&#8221; type=&#8221;4_4&#8243;][et_pb_gallery _builder_version=&#8221;4.7.7&#8243; _module_preset=&#8221;default&#8221; gallery_ids=&#8221;739,738,742,740&#8243; hover_enabled=&#8221;0&#8243; sticky_enabled=&#8221;0&#8243; show_title_and_caption=&#8221;off&#8221; show_pagination=&#8221;off&#8221;][\/et_pb_gallery][\/et_pb_column][\/et_pb_row][\/et_pb_section]<\/p>\n","protected":false},"excerpt":{"rendered":"<p>[et_pb_section fb_built=&#8221;1&#8243; _builder_version=&#8221;4.7.7&#8243; _module_preset=&#8221;default&#8221;][et_pb_row _builder_version=&#8221;4.7.7&#8243; _module_preset=&#8221;default&#8221;][et_pb_column type=&#8221;4_4&#8243; _builder_version=&#8221;4.7.7&#8243; _module_preset=&#8221;default&#8221;][et_pb_video src=&#8221;https:\/\/domfleury.ch\/wp-content\/uploads\/2021\/02\/IN_DREAMALND.mp4&#8243; _builder_version=&#8221;4.7.7&#8243; _module_preset=&#8221;default&#8221; hover_enabled=&#8221;0&#8243; sticky_enabled=&#8221;0&#8243;][\/et_pb_video][\/et_pb_column][\/et_pb_row][et_pb_row _builder_version=&#8221;4.7.7&#8243; _module_preset=&#8221;default&#8221;][et_pb_column type=&#8221;4_4&#8243; _builder_version=&#8221;4.7.7&#8243; _module_preset=&#8221;default&#8221;][et_pb_text _builder_version=&#8221;4.7.7&#8243; _module_preset=&#8221;default&#8221; text_font=&#8221;Baskervville||||||||&#8221; text_font_size=&#8221;19px&#8221; hover_enabled=&#8221;0&#8243; sticky_enabled=&#8221;0&#8243;] In Dreamland (Cair0, 16 min, 2007) ln Dreamland est le nom donn\u00e9 \u00e0 une ville priv\u00e9e de la banlieue riche du Caire, imagin\u00e9e par l&#8217;architecte de Celebration de Disney. Le [&hellip;]<\/p>\n","protected":false},"author":1,"featured_media":0,"parent":0,"menu_order":0,"comment_status":"closed","ping_status":"closed","template":"","meta":{"_et_pb_use_builder":"on","_et_pb_old_content":"","_et_gb_content_width":"","footnotes":""},"class_list":["post-155","page","type-page","status-publish","hentry"],"_links":{"self":[{"href":"https:\/\/domfleury.ch\/index.php?rest_route=\/wp\/v2\/pages\/155","targetHints":{"allow":["GET"]}}],"collection":[{"href":"https:\/\/domfleury.ch\/index.php?rest_route=\/wp\/v2\/pages"}],"about":[{"href":"https:\/\/domfleury.ch\/index.php?rest_route=\/wp\/v2\/types\/page"}],"author":[{"embeddable":true,"href":"https:\/\/domfleury.ch\/index.php?rest_route=\/wp\/v2\/users\/1"}],"replies":[{"embeddable":true,"href":"https:\/\/domfleury.ch\/index.php?rest_route=%2Fwp%2Fv2%2Fcomments&post=155"}],"version-history":[{"count":4,"href":"https:\/\/domfleury.ch\/index.php?rest_route=\/wp\/v2\/pages\/155\/revisions"}],"predecessor-version":[{"id":743,"href":"https:\/\/domfleury.ch\/index.php?rest_route=\/wp\/v2\/pages\/155\/revisions\/743"}],"wp:attachment":[{"href":"https:\/\/domfleury.ch\/index.php?rest_route=%2Fwp%2Fv2%2Fmedia&parent=155"}],"curies":[{"name":"wp","href":"https:\/\/api.w.org\/{rel}","templated":true}]}}