{"id":153,"date":"2021-01-09T08:32:29","date_gmt":"2021-01-09T08:32:29","guid":{"rendered":"https:\/\/domfleury.ch\/?page_id=153"},"modified":"2021-02-05T07:53:11","modified_gmt":"2021-02-05T07:53:11","slug":"beth-nahrin-2","status":"publish","type":"page","link":"https:\/\/domfleury.ch\/?page_id=153","title":{"rendered":"Beth Nahrin"},"content":{"rendered":"\n[et_pb_section fb_built=&#8221;1&#8243; _builder_version=&#8221;4.7.7&#8243; _module_preset=&#8221;default&#8221;][et_pb_row _builder_version=&#8221;4.7.7&#8243; _module_preset=&#8221;default&#8221;][et_pb_column type=&#8221;4_4&#8243; _builder_version=&#8221;4.7.7&#8243; _module_preset=&#8221;default&#8221;][et_pb_video src=&#8221;https:\/\/domfleury.ch\/wp-content\/uploads\/2021\/01\/BethNahrinTrailer.mp4&#8243; _builder_version=&#8221;4.7.7&#8243; _module_preset=&#8221;default&#8221; hover_enabled=&#8221;0&#8243; thumbnail_overlay_color=&#8221;rgba(0,0,0,0.6)&#8221; image_src=&#8221;https:\/\/domfleury.ch\/wp-content\/uploads\/2021\/02\/BethNahrin1.jpg&#8221; sticky_enabled=&#8221;0&#8243; title_text=&#8221;BethNahrin1&#8243;][\/et_pb_video][\/et_pb_column][\/et_pb_row][\/et_pb_section][et_pb_section fb_built=&#8221;1&#8243; _builder_version=&#8221;4.7.7&#8243; _module_preset=&#8221;default&#8221; min_height=&#8221;456px&#8221; custom_padding=&#8221;16px|||||&#8221;][et_pb_row _builder_version=&#8221;4.7.7&#8243; _module_preset=&#8221;default&#8221; min_height=&#8221;604px&#8221; custom_margin=&#8221;-20px|auto||auto||&#8221; custom_padding=&#8221;35px|||||&#8221;][et_pb_column type=&#8221;4_4&#8243; _builder_version=&#8221;4.7.7&#8243; _module_preset=&#8221;default&#8221;][et_pb_text _builder_version=&#8221;4.7.7&#8243; _module_preset=&#8221;default&#8221; text_font=&#8221;Baskervville||||||||&#8221; text_font_size=&#8221;19px&#8221; custom_padding=&#8221;||33px|||&#8221; min_height=&#8221;305px&#8221;]<p><strong>Beth Nahrin, between two rivers<\/strong><\/p>\n<p><span>80 min, Su\u00e8de Turquie, Jerusalem, Inde, 2015<\/span><span>\u00a0<\/span><\/p>\n<p><span>La beaut\u00e9 d\u2019un chant syriaque entendue \u00e0 Maaloula en Syrie en 2010 et l\u2019impossibilit\u00e9 d\u2019y retourner sont les points de d\u00e9part de ce film. De retour \u00e0 Stockholm o\u00f9 vit la plus grande communaut\u00e9 syriaque, je fais la connaissance d\u2019un jeune su\u00e9dois d&#8217;origine aram\u00e9ene qui m\u2019introduit \u00e0 son univers. Au gr\u00e9 des rencontres et de mes questionnements, l\u2019histoire se construit de Stockholm \u00e0 Tur Abdin, du Kerala \u00e0 J\u00e9rusalem, m\u00ealant faits et mythes. Comment une culture vivante depuis des mill\u00e9naires en M\u00e9sopotamie, le pays entre les deux fleuves, perdure une fois coup\u00e9e de ses racines. Les questions de la copie et de l\u2019original, de la m\u00e9moire et du territoire, alimentent ma qu\u00eate. \u00a0\u00a0<\/span><\/p>\n<p><span>Lien pour visionner le film: <\/span><span>\u00a0<a href=\"https:\/\/vimeo.com\/127147341\">https:\/\/vimeo.com\/127147341<\/a><\/span><\/p>\n<p><span>Mot de passe: Mesopotamia15<\/span><\/p>[\/et_pb_text][et_pb_gallery gallery_ids=&#8221;750,752,366,753&#8243; show_title_and_caption=&#8221;off&#8221; show_pagination=&#8221;off&#8221; _builder_version=&#8221;4.7.7&#8243; _module_preset=&#8221;default&#8221; hover_enabled=&#8221;0&#8243; sticky_enabled=&#8221;0&#8243;][\/et_pb_gallery][\/et_pb_column][\/et_pb_row][\/et_pb_section]\n","protected":false},"excerpt":{"rendered":"","protected":false},"author":1,"featured_media":0,"parent":0,"menu_order":0,"comment_status":"closed","ping_status":"closed","template":"","meta":{"_et_pb_use_builder":"on","_et_pb_old_content":"","_et_gb_content_width":"","footnotes":""},"class_list":["post-153","page","type-page","status-publish","hentry"],"_links":{"self":[{"href":"https:\/\/domfleury.ch\/index.php?rest_route=\/wp\/v2\/pages\/153","targetHints":{"allow":["GET"]}}],"collection":[{"href":"https:\/\/domfleury.ch\/index.php?rest_route=\/wp\/v2\/pages"}],"about":[{"href":"https:\/\/domfleury.ch\/index.php?rest_route=\/wp\/v2\/types\/page"}],"author":[{"embeddable":true,"href":"https:\/\/domfleury.ch\/index.php?rest_route=\/wp\/v2\/users\/1"}],"replies":[{"embeddable":true,"href":"https:\/\/domfleury.ch\/index.php?rest_route=%2Fwp%2Fv2%2Fcomments&post=153"}],"version-history":[{"count":15,"href":"https:\/\/domfleury.ch\/index.php?rest_route=\/wp\/v2\/pages\/153\/revisions"}],"predecessor-version":[{"id":783,"href":"https:\/\/domfleury.ch\/index.php?rest_route=\/wp\/v2\/pages\/153\/revisions\/783"}],"wp:attachment":[{"href":"https:\/\/domfleury.ch\/index.php?rest_route=%2Fwp%2Fv2%2Fmedia&parent=153"}],"curies":[{"name":"wp","href":"https:\/\/api.w.org\/{rel}","templated":true}]}}