{"id":143,"date":"2021-01-09T08:32:28","date_gmt":"2021-01-09T08:32:28","guid":{"rendered":"https:\/\/domfleury.ch\/?page_id=143"},"modified":"2021-02-11T14:30:20","modified_gmt":"2021-02-11T14:30:20","slug":"once-upon-alexandria","status":"publish","type":"page","link":"https:\/\/domfleury.ch\/?page_id=143","title":{"rendered":"Once upon Alexandria"},"content":{"rendered":"<p>[et_pb_section fb_built=&#8221;1&#8243; _builder_version=&#8221;4.7.7&#8243; _module_preset=&#8221;default&#8221;][et_pb_row _builder_version=&#8221;4.7.7&#8243; _module_preset=&#8221;default&#8221; min_height=&#8221;733px&#8221; custom_padding=&#8221;26px|||||&#8221;][et_pb_column type=&#8221;4_4&#8243; _builder_version=&#8221;4.7.7&#8243; _module_preset=&#8221;default&#8221;][et_pb_gallery gallery_ids=&#8221;330,331,332,333,334,335,336,337,338,339,340,341,342,343,344,345,346,347,348,349,350,351&#8243; fullwidth=&#8221;on&#8221; _builder_version=&#8221;4.7.7&#8243; _module_preset=&#8221;default&#8221; background_color=&#8221;rgba(0,0,0,0)&#8221; min_height=&#8221;638px&#8221; custom_margin=&#8221;-50px|||||&#8221; custom_padding=&#8221;0px||0px|||&#8221; border_color_all=&#8221;rgba(0,0,0,0)&#8221; border_style_all=&#8221;none&#8221;][\/et_pb_gallery][\/et_pb_column][\/et_pb_row][\/et_pb_section][et_pb_section fb_built=&#8221;1&#8243; _builder_version=&#8221;4.7.7&#8243; _module_preset=&#8221;default&#8221;][et_pb_row _builder_version=&#8221;4.7.7&#8243; _module_preset=&#8221;default&#8221; custom_margin=&#8221;-126px|auto||auto||&#8221;][et_pb_column _builder_version=&#8221;4.7.7&#8243; _module_preset=&#8221;default&#8221; type=&#8221;4_4&#8243;][et_pb_text _builder_version=&#8221;4.7.7&#8243; _module_preset=&#8221;default&#8221; text_font=&#8221;Baskervville||||||||&#8221; text_font_size=&#8221;19px&#8221; hover_enabled=&#8221;0&#8243; sticky_enabled=&#8221;0&#8243; min_height=&#8221;431px&#8221; custom_padding=&#8221;0px|||||&#8221;]<\/p>\n<p><strong>Once Upon Utopia (Alexandria)<\/strong><\/p>\n<p>(Alexandrie, 2008-2010)<\/p>\n<p>Capitale de la m\u00e9moire, Alexandrie est &#8220;notre lieu de naissance&#8221; selon Foucault. Ces personnages appartiennent \u00e0 un monde en voie de disparition. Le d\u00e9cor n\u2019est plus\u00a0ici un lieu de consommation mais celui de l\u2019inconscient. Ces Alexandrins ont un air de fant\u00f4mes, gardiens d\u2019un monde en ruines. Leurs regards semblent plonger dans le pass\u00e9 ou pressentir une r\u00e9volution \u00e0 venir.<\/p>\n<p><span>I use Alexandria as a stage to play with memory, mixing collective and individual fiction. These characters belong to a world in a verge to disappear. The decor belong to their unconscious. These Alexandrians looks like ghosts, guardians of a ruined world. Their gazes seem to plunge into the past or sense a revolution to come.<\/span><\/p>\n<p>[\/et_pb_text][\/et_pb_column][\/et_pb_row][\/et_pb_section]<\/p>\n","protected":false},"excerpt":{"rendered":"<p>[et_pb_section fb_built=&#8221;1&#8243; _builder_version=&#8221;4.7.7&#8243; _module_preset=&#8221;default&#8221;][et_pb_row _builder_version=&#8221;4.7.7&#8243; _module_preset=&#8221;default&#8221; min_height=&#8221;733px&#8221; custom_padding=&#8221;26px|||||&#8221;][et_pb_column type=&#8221;4_4&#8243; _builder_version=&#8221;4.7.7&#8243; _module_preset=&#8221;default&#8221;][et_pb_gallery gallery_ids=&#8221;330,331,332,333,334,335,336,337,338,339,340,341,342,343,344,345,346,347,348,349,350,351&#8243; fullwidth=&#8221;on&#8221; _builder_version=&#8221;4.7.7&#8243; _module_preset=&#8221;default&#8221; background_color=&#8221;rgba(0,0,0,0)&#8221; min_height=&#8221;638px&#8221; custom_margin=&#8221;-50px|||||&#8221; custom_padding=&#8221;0px||0px|||&#8221; border_color_all=&#8221;rgba(0,0,0,0)&#8221; border_style_all=&#8221;none&#8221;][\/et_pb_gallery][\/et_pb_column][\/et_pb_row][\/et_pb_section][et_pb_section fb_built=&#8221;1&#8243; _builder_version=&#8221;4.7.7&#8243; _module_preset=&#8221;default&#8221;][et_pb_row _builder_version=&#8221;4.7.7&#8243; _module_preset=&#8221;default&#8221; custom_margin=&#8221;-126px|auto||auto||&#8221;][et_pb_column _builder_version=&#8221;4.7.7&#8243; _module_preset=&#8221;default&#8221; type=&#8221;4_4&#8243;][et_pb_text _builder_version=&#8221;4.7.7&#8243; _module_preset=&#8221;default&#8221; text_font=&#8221;Baskervville||||||||&#8221; text_font_size=&#8221;19px&#8221; hover_enabled=&#8221;0&#8243; sticky_enabled=&#8221;0&#8243; min_height=&#8221;431px&#8221; custom_padding=&#8221;0px|||||&#8221;] Once Upon Utopia (Alexandria) (Alexandrie, 2008-2010) Capitale de la m\u00e9moire, Alexandrie est &#8220;notre lieu de naissance&#8221; selon [&hellip;]<\/p>\n","protected":false},"author":1,"featured_media":0,"parent":0,"menu_order":0,"comment_status":"closed","ping_status":"closed","template":"","meta":{"_et_pb_use_builder":"on","_et_pb_old_content":"","_et_gb_content_width":"","footnotes":""},"class_list":["post-143","page","type-page","status-publish","hentry"],"_links":{"self":[{"href":"https:\/\/domfleury.ch\/index.php?rest_route=\/wp\/v2\/pages\/143","targetHints":{"allow":["GET"]}}],"collection":[{"href":"https:\/\/domfleury.ch\/index.php?rest_route=\/wp\/v2\/pages"}],"about":[{"href":"https:\/\/domfleury.ch\/index.php?rest_route=\/wp\/v2\/types\/page"}],"author":[{"embeddable":true,"href":"https:\/\/domfleury.ch\/index.php?rest_route=\/wp\/v2\/users\/1"}],"replies":[{"embeddable":true,"href":"https:\/\/domfleury.ch\/index.php?rest_route=%2Fwp%2Fv2%2Fcomments&post=143"}],"version-history":[{"count":19,"href":"https:\/\/domfleury.ch\/index.php?rest_route=\/wp\/v2\/pages\/143\/revisions"}],"predecessor-version":[{"id":832,"href":"https:\/\/domfleury.ch\/index.php?rest_route=\/wp\/v2\/pages\/143\/revisions\/832"}],"wp:attachment":[{"href":"https:\/\/domfleury.ch\/index.php?rest_route=%2Fwp%2Fv2%2Fmedia&parent=143"}],"curies":[{"name":"wp","href":"https:\/\/api.w.org\/{rel}","templated":true}]}}